{"id":1373,"date":"2017-02-15T15:26:04","date_gmt":"2017-02-15T14:26:04","guid":{"rendered":"http:\/\/www.asconoscienza.ch\/?page_id=1373"},"modified":"2026-01-13T14:22:38","modified_gmt":"2026-01-13T13:22:38","slug":"benvenuti","status":"publish","type":"page","link":"https:\/\/www.asconoscienza.ch\/","title":{"rendered":"Benvenuti"},"content":{"rendered":"\n<p><strong>Asconosc(i)enza 2026: 2-20 marzo 2026<\/strong><\/p>\n\n\n\n<p>La diversit\u00e0 \u00e8 il filo conduttore di <strong>Asconosc(i)enza 2026<\/strong>: diversit\u00e0 di fenomeni, di linguaggi, di territori e di punti di vista. \u00c8 da qui che nasce il <a href=\"https:\/\/www.asconoscienza.ch\/?p=2709\" data-type=\"post\" data-id=\"2709\">programma di quest\u2019anno<\/a>, pensato per accompagnare il pubblico alla scoperta della scienza come strumento di lettura del mondo, capace di raccontare la complessit\u00e0 e la ricchezza della realt\u00e0 che ci circonda.<\/p>\n\n\n\n<p>Attraverso giochi di luce, di suoni, tuffi nei laghi e nei paesaggi, esploreremo modi diversi di conoscere, interpretare e vivere l\u2019ambiente, mettendo in relazione natura, scienza e societ\u00e0 in un contesto in continuo cambiamento.<\/p>\n\n\n\n<p>Laboratori, mostre, conferenze, uscite e animazioni saranno il cuore delle attivit\u00e0 proposte: occasioni di incontro, sperimentazione e scoperta pensate per stimolare la curiosit\u00e0 e coinvolgere attivamente partecipanti di tutte le et\u00e0.<\/p>\n\n\n\n<p>Un ringraziamento speciale va a tutti gli animatori che, con passione e competenza, rendono possibile la divulgazione scientifica e danno vita alle attivit\u00e0, cos\u00ec come agli enti che da anni sostengono Asconosc(i)enza in questa avventura sempre stimolante.<\/p>\n\n\n\n<p>A tutti, buona esplorazione e buon divertimento.<\/p>\n\n\n\n<p>I coordinatori di Asconosc(i)enza 2026<\/p>\n","protected":false},"excerpt":{"rendered":"<p>Asconosc(i)enza 2026: 2-20 marzo 2026 La diversit\u00e0 \u00e8 il filo conduttore di Asconosc(i)enza 2026: diversit\u00e0 di fenomeni, di linguaggi, di territori e di punti di vista. \u00c8 da qui che nasce il programma di quest\u2019anno, pensato per accompagnare il pubblico alla scoperta della scienza come strumento di lettura del mondo, capace di raccontare la complessit\u00e0 &#8230; <a title=\"Benvenuti\" class=\"read-more\" href=\"https:\/\/www.asconoscienza.ch\/\" aria-label=\"Per saperne di pi\u00f9 su Benvenuti\">Leggi tutto<\/a><\/p>\n","protected":false},"author":4,"featured_media":2020,"parent":0,"menu_order":0,"comment_status":"closed","ping_status":"closed","template":"","meta":{"footnotes":""},"class_list":["post-1373","page","type-page","status-publish","has-post-thumbnail"],"_links":{"self":[{"href":"https:\/\/www.asconoscienza.ch\/index.php?rest_route=\/wp\/v2\/pages\/1373","targetHints":{"allow":["GET"]}}],"collection":[{"href":"https:\/\/www.asconoscienza.ch\/index.php?rest_route=\/wp\/v2\/pages"}],"about":[{"href":"https:\/\/www.asconoscienza.ch\/index.php?rest_route=\/wp\/v2\/types\/page"}],"author":[{"embeddable":true,"href":"https:\/\/www.asconoscienza.ch\/index.php?rest_route=\/wp\/v2\/users\/4"}],"replies":[{"embeddable":true,"href":"https:\/\/www.asconoscienza.ch\/index.php?rest_route=%2Fwp%2Fv2%2Fcomments&post=1373"}],"version-history":[{"count":37,"href":"https:\/\/www.asconoscienza.ch\/index.php?rest_route=\/wp\/v2\/pages\/1373\/revisions"}],"predecessor-version":[{"id":2791,"href":"https:\/\/www.asconoscienza.ch\/index.php?rest_route=\/wp\/v2\/pages\/1373\/revisions\/2791"}],"wp:featuredmedia":[{"embeddable":true,"href":"https:\/\/www.asconoscienza.ch\/index.php?rest_route=\/wp\/v2\/media\/2020"}],"wp:attachment":[{"href":"https:\/\/www.asconoscienza.ch\/index.php?rest_route=%2Fwp%2Fv2%2Fmedia&parent=1373"}],"curies":[{"name":"wp","href":"https:\/\/api.w.org\/{rel}","templated":true}]}}